
{"id":1915,"date":"2018-10-18T17:50:07","date_gmt":"2018-10-18T15:50:07","guid":{"rendered":"https:\/\/bavariaboardinghouse.com\/?page_id=1915"},"modified":"2019-01-07T19:09:52","modified_gmt":"2019-01-07T18:09:52","slug":"agb","status":"publish","type":"page","link":"https:\/\/onebavariahomes.com\/en\/agb\/","title":{"rendered":"Allgemeine Gesch\u00e4ftsbedingungen (AGB)"},"content":{"rendered":"<p><strong>Allgemeine Gesch\u00e4ftsbedingungen (AGB)<\/strong><\/p>\n<p><strong>I. Geltungsbereich<\/strong><\/p>\n<p>Die vorliegenden Gesch\u00e4ftsbedingungen finden ihre Anwendung auf Vertr\u00e4ge \u00fcber die mietweise \u00dcberlassung von m\u00f6blierten Apartments (Beherbergung) des Anbieters Nicolas A. Rauenbusch.<\/p>\n<p>Die allgemeinen Gesch\u00e4ftsbedingungen des Gastes finden keine Anwendung, es sei denn, es liegt eine anders lautende schriftliche Vereinbarung vor.<\/p>\n<p><strong>II. Vertragsabschluss und Vertragsinhalt<\/strong><\/p>\n<p>Von Nicolas A. Rauenbusch unterbreitete Angebote sind stets freibleibend. Ein Vertrag wird erst mit der Annahme durch Nicolas A. Rauenbusch mit schriftl. Buchungsbest\u00e4tigung wirksam. Vertragspartner sind der Gast und Nicolas A. Rauenbusch. Im Falle einer Buchung durch einen Dritten, haftet dieser gegen\u00fcber Nicolas A. Rauenbusch als Besteller zusammen mit dem Gast als Gesamtschuldner f\u00fcr alle aus dem Vertrag resultierenden Verpflichtungen.<\/p>\n<p>Vermietet wird ein m\u00f6bliertes Apartment f\u00fcr die in der Buchungsbest\u00e4tigung genannte Personenzahl im Hause von Nicolas A. Rauenbusch. Bei einer Belegung von mehr als der genannten Personenzahl ist vorher die schriftliche Erlaubnis einzuholen. Der Apartment-Mietpreis erh\u00f6ht sich dann entsprechend der Preisliste des Anbieters.<\/p>\n<p>Sollte der Gast eine Verl\u00e4ngerung seines Aufenthaltes w\u00fcnschen, so steht ihm die Option offen, sofern freie Apartments verf\u00fcgbar sind. Zur Aus\u00fcbung der Option muss der Nicolas A. Rauenbusch 14 Tage vor Ablauf der Aufenthaltsdauer schriftlich mitteilen, wie lange er beabsichtigt, das Apartment weiterhin zu nutzen. F\u00fcr den Fall, dass Nicolas A. Rauenbusch bereits einen Beherbergungsvertrag mit einem anderen Gast f\u00fcr das gleiche\u00a0Apartment geschlossen hat, ist Nicolas A. Rauenbusch berechtigt, den Gast bei einer Verl\u00e4ngerung der Aufenthaltsdauer in ein vergleichbares Apartment unterzubringen. Eine Fortsetzung oder Erneuerung des Beherbergungsvertrages muss ausdr\u00fccklich schriftlich vereinbart werden. M\u00fcndliche Abreden sind nichtig.<\/p>\n<p>Eine Weitervermietung an Dritte bzw. eine Nutzung des \u00fcberlassenen m\u00f6blierten Apartments durch Dritte ist grunds\u00e4tzlich untersagt und bedarf der vorherigen schriftlichen Genehmigung seitens Nicolas A. Rauenbusch. Die Nutzung des Apartments zu anderen als der Beherbergung dienenden Zwecken ist ebenfalls untersagt, es sei denn Nicolas A. Rauenbusch hat ausdr\u00fccklich eine schriftliche Genehmigung erteilt.<\/p>\n<p>S\u00e4mtliche Apartments des Anbieters Nicolas A. Rauenbusch sind Nichtraucher-Apartments. Das Rauchen ist daher nicht gestattet. Sollte der Gast dennoch rauchen, so sind die von ihm hierdurch entstehenden Sch\u00e4den bzw. Mehrkosten f\u00fcr die Renovierung\/ Reinigung beim Verlassen des Apartments in vollem Umfang zu erstatten.<\/p>\n<p>Haustiere sind verboten &#8211; es sei denn, der Anbieter hat schriftlich eine Genehmigung erteilt. Sofern der Gast Haustiere im Apartment h\u00e4lt, ist der Anbieter berechtigt die entsprechenden Mehrkosten der Endreinigung in vollem Umfang nach Aufwandabzurechnen.<\/p>\n<p>Nachrichten, Post und Warensendungen, die f\u00fcr den Gast bestimmt sind, werden mit der Sorgfalt eines Kaufmanns behandelt. Nicolas A. Rauenbusch \u00fcbernimmt die Aufbewahrung und &#8211; auf Wunsch -die Nachsendung dieser gegen Entgelt.<\/p>\n<p><strong>III. Preise, Zahlung<\/strong><\/p>\n<p>Mit dem Abschluss des Beherbergungsvertrages verpflichtet sich der Gast, die vereinbarte Verg\u00fctung f\u00fcr die Beherbergung, f\u00fcr die Kaution sowie f\u00fcr sonstige von ihm in Anspruch genommene Leistungen, zu entrichten.<\/p>\n<p>Die Verg\u00fctung und die Kaution m\u00fcssen vor Einzug entweder in bar oder per \u00dcberweisung gezahlt werden. Erstreckt sich die Anmietung \u00fcber einen l\u00e4ngeren Zeitraum (\u00fcber 14 Tage), so sind die Zahlungen f\u00fcr die Beherbergung jeweils f\u00fcr einen Monat im Voraus per \u00dcberweisung oder in bar zu bezahlen.<\/p>\n<p>Soweit nicht eine anders lautende Vereinbarung getroffen wurde, schlie\u00dfen die vereinbarten Preise die jeweilige gesetzliche Mehrwertsteuer ein.<\/p>\n<p>Als Abrechnungsw\u00e4hrung gilt der Euro. Bei ausl\u00e4ndischer W\u00e4hrung gehen die Kursdifferenzen und die Bankgeb\u00fchren zu Lasten des zur Zahlung Verpflichteten. Dem Gast steht es frei, Zahlungen auch per EC-Karte oder Kreditkarte vorzunehmen.<\/p>\n<p>Rechnungen des Anbieters sind sofort nach Zugang ohne Abzug f\u00e4llig und zahlbar. Gegen\u00fcbereinem Gast, der Verbraucher ist, findet das vorher erw\u00e4hnte nur Anwendung, wenn der Gast auf die Folgen in der Rechnung besonders hingewiesen worden ist. Im Falle eines Zahlungsverzuges ist Nicolas A. Rauenbusch berechtigt, gegen\u00fcber Verbrauchern Verzugszinsen in H\u00f6he von 5 % \u00fcber dem Basiszinssatz geltend zu machen. Nicolas A. Rauenbusch beh\u00e4lt sich das Recht vor, einen h\u00f6heren Schadengeltend zu machen. F\u00fcr jede Mahnung nach Verzugseintritt ist Nicolas A. Rauenbusch berechtigt, eine Mahngeb\u00fchr von \u20ac 5,00 zu erheben.<\/p>\n<p>Beanstandungen zur Rechnungsstellung sind unverz\u00fcglich nach bekannt werden gegen\u00fcber Nicolas A. Rauenbusch mitzuteilen. Der richtige Adressat der Rechnung ist bereits bei Vertragsunterzeichnung bekannt zu geben.<\/p>\n<p>Der Anbieter hat das Recht, den Preis f\u00fcr das Apartment mit einer Ank\u00fcndigung von 4 Wochen zu erh\u00f6hen, d.h. der aktuellen Preisliste anzupassen. Sollte der Gast mit der Erh\u00f6hung nicht einverstanden sein, so hat der Gast ein Sonderk\u00fcndigungsrechtinnerhalb von 2 Wochen.<\/p>\n<p><strong>IV. R\u00fccktritt des Anbieters<\/strong><\/p>\n<p>Beim Vorliegen eines sachlich gerechtfertigten Grundes steht Nicolas A. Rauenbusch ein Recht auf R\u00fccktritt vom Vertrag zu. Als Beispiele seien genannt:<\/p>\n<ul>\n<li>H\u00f6here Gewalt oder andere Nicolas A. Rauenbusch nicht zu vertretende Umst\u00e4nde machen die Erf\u00fcllung des Vertrages unm\u00f6glich<\/li>\n<li>Das Apartment wird unter irref\u00fchrenden oder falschen Angaben von wesentlichen Tatsachen angemietet, z.B. des Namens oder des Zwecks.<\/li>\n<li>Es besteht seitens Nicolas A. Rauenbusch ein begr\u00fcndeter Anlass zu der Annahme, dass die Beherbergung das Ansehen von Nicolas A. Rauenbusch in der \u00d6ffentlichkeit gef\u00e4hrden kann.<\/li>\n<li>Es liegt eine unbefugte Unter- oder Weitervermietung gem\u00e4\u00df Punkt II. vor<\/li>\n<li>Der Gast befindet sich in Zahlungsverzug. Bei Zahlungsverzug von mehr als 7 Tagen hat Nicolas A. Rauenbusch ein sofortiges au\u00dferordentliches K\u00fcndigungsrecht mit einer Frist von 1 Tag und ist berechtigt dem Gast den Zutritt zur Wohnung zu entziehen.<\/li>\n<li>Nicolas A. Rauenbusch erlangt von den Umst\u00e4nden Kenntnis, dass eine wesentliche Verschlechterung der Verm\u00f6gensverh\u00e4ltnisse des Gastes nach Vertragsschluss eingetreten ist, insbesondere wenn der Gast die f\u00e4lligen Forderungen von Nicolas A. Rauenbusch nicht begleicht oder keine ausreichende Sicherheitsleistung bietet und deshalb Zahlungsanspr\u00fcche von Nicolas A. Rauenbusch in Gefahr sind<\/li>\n<li>Der Gast einen Antrag auf die Er\u00f6ffnung des Insolvenzverfahrens \u00fcber sein Verm\u00f6gen gestellt, eine eidesstattliche Versicherung nach \u00a7 807 ZPO abgegeben, ein au\u00dfergerichtliches Verfahren zum Zwecke der Schuldenregulierung eingeleitet oder seine Zahlungen eingestellt hat.<\/li>\n<li>\u00dcber das Verm\u00f6gen des Gastes wurde ein Insolvenzverfahren er\u00f6ffnet wurde oder die Er\u00f6ffnung eines Verfahrens mangels Masse abgewiesen.<\/li>\n<\/ul>\n<p>Der Anbieter wird dem Gast unverz\u00fcglich von der Aus\u00fcbung des R\u00fccktrittsrechts informieren. Im Falle des berechtigten R\u00fccktritts des Anbieters wird kein Anspruch des Kunden auf Schadensersatz begr\u00fcndet.<\/p>\n<p><strong>V. An- und Abreise<\/strong><\/p>\n<p>An dem vereinbarten Anreisetag kann das angemietete Apartment ab 14:00 Uhr bezogen werden (Check-in-Zeit). Im Einzelfall k\u00f6nnen von dieser Uhrzeit abweichende Regelungengetroffen werden. Der Gast hat keinen Anspruch auf fr\u00fchere Bereitstellung des Apartments.<\/p>\n<p>Nach \u00dcbergabe der Wohnung an den Gast, hat der Gast 24 Stunden Zeit eventuell bestehende M\u00e4ngel der Wohnung festzustellen und diese Nicolas A. Rauenbusch anzuzeigen. Werden keine M\u00e4ngel\/Sch\u00e4den festgestellt, so haftet der Gast f\u00fcr alle M\u00e4ngel, die w\u00e4hrend seines Aufenthaltes am Inventar entstehen. Gleiches gilt f\u00fcr fehlende Inventargegenst\u00e4nde.<\/p>\n<p>Am Tag des vereinbarten Abreisedatums ist das Apartment bis sp\u00e4testens 11:00 Uhr in einembesenreinen Zustand an Nicolas A. Rauenbusch zu \u00fcbergeben. Bei einer versp\u00e4teten R\u00e4umung beh\u00e4lt sich Nicolas A. Rauenbusch das Recht vor, f\u00fcr die vertrags\u00fcberschreitende Nutzung des Apartments zus\u00e4tzliche Geb\u00fchren und eventuelle Kosten f\u00fcr die anderweitige Unterbringung des nachfolgenden Gastes in Rechnung zu stellen. Irgendwelche vertraglichen Anspr\u00fcche des Gastes werden hierdurch nicht begr\u00fcndet. Der Gast kann einen Gegenbeweis f\u00fchren, dass der Nicolas A. Rauenbusch kein bzw. nur ein wesentlich niedrigerer Schaden entstanden ist.<\/p>\n<p><strong>VI. Technische Einrichtungen<\/strong><\/p>\n<p>Nicolas A. Rauenbusch stellt ein mit technischen Ger\u00e4ten und M\u00f6beln ausgestattetes Apartment zur Verf\u00fcgung. Die Verwendung von eigenen elektrischen Ger\u00e4ten durch den Gast unter Nutzung des Stromnetzes von Nicolas A. Rauenbusch bedarf einer schriftlichen Genehmigung (au\u00dfer Mobiltelefon, PC, o.\u00e4.). Nicolas A. Rauenbusch ist berechtigt, dem Gast die zu erwartenden Mehrkosten zu berechnen. Der Gast haftet f\u00fcr auftretende St\u00f6rungen oder Besch\u00e4digungen, die aus der Verwendung seiner Ger\u00e4te resultieren. Der Gast hat die M\u00f6glichkeit, w\u00e4hrend seines Aufenthalts als zus\u00e4tzlichen Service die kostenfreie Nutzung des Internets (WLAN-Hotspot) in Anspruch zu nehmen. In solchen F\u00e4llen verpflichtet sich der Gast zur Einhaltung aller anwendbaren lokalen, nationalen und ggf. internationalen Gesetze und Richtlinien. F\u00fcr alle Handlungen und Unterlassungen im Rahmen der Nutzung ist der Gast als Nutzer selbst verantwortlich. Dar\u00fcber hinaus \u00fcbernimmt der Gast die volle Verantwortung aus einer rechtswidrigen Nutzung der Internetverbindung und stellt Nicolas A. Rauenbusch von etwaigen Anspr\u00fcchen Dritter frei. Die Verbindungs- und Nutzerdaten werden gem. den gesetzl. Bestimmungen vom Hotspot-Betreiber zum Nachweis aufgezeichnet. Nicolas A. Rauenbusch haftet nicht f\u00fcr die Verf\u00fcgbarkeit und St\u00f6rungsfreiheit des Internetzuganges. Mietminderung wird bei Nichtverf\u00fcgbarkeit ausgeschlossen.<\/p>\n<p><strong>VII. Mitgebrachte Gegenst\u00e4nde<\/strong><\/p>\n<p>Die Aufstellung und Anbringung von Gegenst\u00e4nden an W\u00e4nden und Decken ist aufgrund einer m\u00f6glichen Besch\u00e4digungsgefahr untersagt. Der Gast haftet f\u00fcr derartig eingebrachte Gegenst\u00e4nde alleine und stellt Nicolas A. Rauenbusch von Anspr\u00fcchen Dritter frei.<\/p>\n<p>Ver\u00e4nderungen jeglicher Art an und in den R\u00e4umlichkeiten d\u00fcrfen nicht vorgenommen werden.<\/p>\n<p><strong>VIII. Stornierung durch den Kunden<\/strong><\/p>\n<p>Stornierungen haben grunds\u00e4tzlich schriftlich zu erfolgen. Nach Abschluss des Vertrages bleibt im Falle einer Stornierung der Gast solange zur Zahlung der Verg\u00fctung \u00fcber den vereinbarten Zeitraum verpflichtet bis das Apartment erneut vermietet werden kann. Als Stornierung ist hier auch eine Ver\u00e4nderung des Vertragsumfangs durchversp\u00e4tete Ankunft oder vorzeitige Abreise zu verstehen. Dem Gast bleibt es vorbehalten einen Gegenbeweis zu f\u00fchren, dass dem Anbieter ein niedrigerer Schaden entstanden ist.<\/p>\n<p><strong>IX. Haftung des Anbieters<\/strong><\/p>\n<p>Anspr\u00fcche auf Schadensersatz, gleich aus welchem Rechtsgrund, werden ausgeschlossen. F\u00fcr Sch\u00e4den aus der Verletzung des Lebens, des K\u00f6rpers oder der Gesundheit bleibt die Haftung unber\u00fchrt.<\/p>\n<p><strong>X. Haftung des Kunden<\/strong><\/p>\n<p>F\u00fcr Sch\u00e4den an dem Geb\u00e4ude und\/oder dem Inventar, die durch den Gast selbst, seinen Familienangeh\u00f6rigen, G\u00e4sten oder sonstigen Dritten aus seinem Bereich verursacht werden, haftet der Gast nach den gesetzlichen Bestimmungen. Nicolas A. Rauenbusch beh\u00e4lt sich das Recht vor, Schadenersatzanspr\u00fcche unverz\u00fcglich mit sofortiger F\u00e4lligkeit in Rechnung zu stellen oder die Kreditkarte des Gastes unverz\u00fcglich nach Schadenseintritt mit dem Schadensersatzbetrag zu belasten.<\/p>\n<p><strong>XI. Schlussbestimmungen<\/strong><\/p>\n<p>Es gelten die Gesetze und Verordnungen f\u00fcr gewerbliche Beherbergungsbetriebe und nicht der Mietgesetze.<\/p>\n<p>S\u00e4mtliche \u00c4nderungen und Erg\u00e4nzungen des Vertrages bed\u00fcrfen der Schriftform. Ausschlie\u00dflicher Gerichtsstand ist im kaufm\u00e4nnischen Verkehr ist M\u00fcnchen. Es gilt deutsches Recht. Bei Unwirksamkeit oder Nichtigkeit einzelner Bestimmungen dieser Allgemeinen Gesch\u00e4ftsbedingungen wird die Wirksamkeit der \u00fcbrigen Bestimmungen nichtber\u00fchrt. Dasselbe gilt f\u00fcr Vertragsl\u00fccken. Im \u00dcbrigen finden die gesetzlichen Vorschriften Anwendung.<\/p>\n<p>M\u00fcnchen, den 10.12.2018<\/p>\n<p><strong>Plattform zur Online-Streitbeilegung der Europ\u00e4ischen Kommission<\/strong><a href=\"http:\/\/ec.europa.eu\/consumers\/odr\/\"><\/p>\n<p>http:\/\/ec.europa.eu\/consumers\/odr\/<\/a><\/p>\n<p>&nbsp;<\/p>\n","protected":false},"excerpt":{"rendered":"<p>Allgemeine Gesch\u00e4ftsbedingungen (AGB) I. Geltungsbereich Die vorliegenden Gesch\u00e4ftsbedingungen finden ihre Anwendung auf Vertr\u00e4ge \u00fcber die mietweise \u00dcberlassung von m\u00f6blierten Apartments (Beherbergung) des Anbieters Nicolas A. Rauenbusch. Die allgemeinen Gesch\u00e4ftsbedingungen des Gastes finden keine Anwendung, es sei denn, es liegt eine anders lautende schriftliche Vereinbarung vor. II. Vertragsabschluss und Vertragsinhalt Von Nicolas A. Rauenbusch unterbreitete Angebote [&hellip;]<\/p>\n","protected":false},"author":1,"featured_media":0,"parent":0,"menu_order":1,"comment_status":"closed","ping_status":"closed","template":"","meta":[],"translation":{"provider":"WPGlobus","version":"2.10.5","language":"en","enabled_languages":["de","en"],"languages":{"de":{"title":true,"content":true,"excerpt":false},"en":{"title":false,"content":false,"excerpt":false}}},"_links":{"self":[{"href":"https:\/\/onebavariahomes.com\/en\/wp-json\/wp\/v2\/pages\/1915"}],"collection":[{"href":"https:\/\/onebavariahomes.com\/en\/wp-json\/wp\/v2\/pages"}],"about":[{"href":"https:\/\/onebavariahomes.com\/en\/wp-json\/wp\/v2\/types\/page"}],"author":[{"embeddable":true,"href":"https:\/\/onebavariahomes.com\/en\/wp-json\/wp\/v2\/users\/1"}],"replies":[{"embeddable":true,"href":"https:\/\/onebavariahomes.com\/en\/wp-json\/wp\/v2\/comments?post=1915"}],"version-history":[{"count":13,"href":"https:\/\/onebavariahomes.com\/en\/wp-json\/wp\/v2\/pages\/1915\/revisions"}],"predecessor-version":[{"id":2220,"href":"https:\/\/onebavariahomes.com\/en\/wp-json\/wp\/v2\/pages\/1915\/revisions\/2220"}],"wp:attachment":[{"href":"https:\/\/onebavariahomes.com\/en\/wp-json\/wp\/v2\/media?parent=1915"}],"curies":[{"name":"wp","href":"https:\/\/api.w.org\/{rel}","templated":true}]}}