
{"id":44,"date":"2018-02-28T10:32:12","date_gmt":"2018-02-28T09:32:12","guid":{"rendered":"https:\/\/bavariaboardinghouse.com\/?page_id=44"},"modified":"2024-01-09T10:19:58","modified_gmt":"2024-01-09T09:19:58","slug":"impressum","status":"publish","type":"page","link":"https:\/\/onebavariahomes.com\/en\/impressum\/","title":{"rendered":"Impressum"},"content":{"rendered":"<div class=\" et_pb_row et_pb_row_0\">\n<div class=\"et_pb_column et_pb_column_4_4 et_pb_column_0 et_pb_css_mix_blend_mode_passthrough et-last-child\">\n<div class=\"et_pb_text et_pb_module et_pb_bg_layout_light et_pb_text_align_left et_pb_text_0\">\n<div class=\"et_pb_text_inner\">\n<p><strong>Verantwortlich f\u00fcr diesen Internetauftritt:<\/strong><\/p>\n<p><strong>RIB-Rauenbusch Immobilien-und Baumanagement GmbH<br \/>\n<\/strong><\/p>\n<p class=\"inset20_left\">Ricarda-Huch-Stra\u00dfe 9<br \/>\n80807 M\u00fcnchen<\/p>\n<p>Fon: +49 (89) 548 760 64<br \/>\nFax: +49 (89) 548 760 65<\/p>\n<p class=\"inset20_left\">E-Mail: booking (@) onebavariahomes (.) com<\/p>\n<p class=\"inset20_left\"><strong>Vertretungsberechtigter Gesch\u00e4ftsf\u00fchrer:<\/strong><br \/>\nNicolas A. Rauenbusch, Dipl.-Wirtschaftsingenieur (FH), MBA<\/p>\n<p><strong>Registergericht:<\/strong> Amtsgericht M\u00fcnchen<br \/>\n<strong>Registernummer: <\/strong>HRB 123961<\/p>\n<p><strong>Umsatzsteuer-Identifikationsnummer gem\u00e4\u00df \u00a7 27 a Umsatzsteuergesetz:<\/strong> \u00a0DE201281870<\/p>\n<p><strong>Inhaltlich Verantwortlicher:<\/strong><br \/>\nNicolas A. Rauenbusch<\/p>\n<\/div>\n<div class=\"woocommerce woocommerce-gzd woocommerce-gzd-complaints-shortcode\">\n<p><strong>Alternative Streitbeilegung gem\u00e4\u00df Art. 14 Abs. 1 ODR-VO und \u00a7 36 VSBG:<br \/>\n<\/strong>Die Europ\u00e4ische Kommission stellt eine Plattform zur Online-Streitbeilegung (OS) bereit, die du unter <a href=\"https:\/\/ec.europa.eu\/consumers\/odr\" target=\"_blank\" rel=\"noopener noreferrer\">https:\/\/ec.europa.eu\/consumers\/odr<\/a> findest. Zur Teilnahme an einem Streitbeilegungsverfahren vor einer Verbraucherschlichtungsstelle sind wir nicht verpflichtet und nicht bereit.<\/p>\n<\/div>\n<div class=\"et_pb_text_inner\">\n<p><strong>Haftungshinweis:<\/strong><\/p>\n<p>Diese Internetpr\u00e4senz beinhaltet Links zu fremden Angeboten. Trotz sorgf\u00e4ltiger inhaltlicher Kontrolle \u00fcbernehmen wir keine Haftung f\u00fcr die Inhalte. Externer Links. F\u00fcr den Inhalt der verlinkten Seiten sind ausschlie\u00dflich deren Betreiber verantwortlich.<\/p>\n<p><strong>Rechte:<\/strong><\/p>\n<p>Alle Rechte sind vorbehalten. Die verwendeten Texte und Bilder unterliegen dem Urheberrecht und anderen Gesetzen zum Schutz geistigen Eigentums. Die Ver\u00e4nderung, Weitergabe und gewerbliche Nutzung oder Verwendung auf deren Webseiten ist untersagt.<\/p>\n<\/div>\n<\/div>\n<\/div>\n<\/div>\n<div id=\"drum-screenshare-extension\" style=\"display: none;\">1.0.0.17<\/div>\n<div id=\"drum-screenshare-extension\" style=\"display: none;\">1.0.0.17<\/div>\n<div id=\"drum-screenshare-extension\" style=\"display: none;\">1.0.0.17<\/div>\n<div id=\"drum-screenshare-extension\" style=\"display: none;\">1.0.0.19<\/div>\n<div id=\"drum-screenshare-extension\" style=\"display: none;\">1.0.0.19<\/div>\n","protected":false},"excerpt":{"rendered":"<p>Verantwortlich f\u00fcr diesen Internetauftritt: RIB-Rauenbusch Immobilien-und Baumanagement GmbH Ricarda-Huch-Stra\u00dfe 9 80807 M\u00fcnchen Fon: +49 (89) 548 760 64 Fax: +49 (89) 548 760 65 E-Mail: booking (@) onebavariahomes (.) com Vertretungsberechtigter Gesch\u00e4ftsf\u00fchrer: Nicolas A. Rauenbusch, Dipl.-Wirtschaftsingenieur (FH), MBA Registergericht: Amtsgericht M\u00fcnchen Registernummer: HRB 123961 Umsatzsteuer-Identifikationsnummer gem\u00e4\u00df \u00a7 27 a Umsatzsteuergesetz: \u00a0DE201281870 Inhaltlich Verantwortlicher: Nicolas A. [&hellip;]<\/p>\n","protected":false},"author":1,"featured_media":0,"parent":0,"menu_order":50,"comment_status":"closed","ping_status":"closed","template":"","meta":[],"translation":{"provider":"WPGlobus","version":"2.10.5","language":"en","enabled_languages":["de","en"],"languages":{"de":{"title":true,"content":true,"excerpt":false},"en":{"title":false,"content":false,"excerpt":false}}},"_links":{"self":[{"href":"https:\/\/onebavariahomes.com\/en\/wp-json\/wp\/v2\/pages\/44"}],"collection":[{"href":"https:\/\/onebavariahomes.com\/en\/wp-json\/wp\/v2\/pages"}],"about":[{"href":"https:\/\/onebavariahomes.com\/en\/wp-json\/wp\/v2\/types\/page"}],"author":[{"embeddable":true,"href":"https:\/\/onebavariahomes.com\/en\/wp-json\/wp\/v2\/users\/1"}],"replies":[{"embeddable":true,"href":"https:\/\/onebavariahomes.com\/en\/wp-json\/wp\/v2\/comments?post=44"}],"version-history":[{"count":13,"href":"https:\/\/onebavariahomes.com\/en\/wp-json\/wp\/v2\/pages\/44\/revisions"}],"predecessor-version":[{"id":3251,"href":"https:\/\/onebavariahomes.com\/en\/wp-json\/wp\/v2\/pages\/44\/revisions\/3251"}],"wp:attachment":[{"href":"https:\/\/onebavariahomes.com\/en\/wp-json\/wp\/v2\/media?parent=44"}],"curies":[{"name":"wp","href":"https:\/\/api.w.org\/{rel}","templated":true}]}}